{"id":16,"date":"2018-02-12T00:50:00","date_gmt":"2018-02-11T23:50:00","guid":{"rendered":"https:\/\/www.gb-repair.com\/de\/?page_id=16"},"modified":"2018-03-12T11:20:08","modified_gmt":"2018-03-12T10:20:08","slug":"willkommen-auf-gb-repair-com","status":"publish","type":"page","link":"https:\/\/www.gb-repair.com\/de\/","title":{"rendered":"Willkommen auf GB-Repair.com"},"content":{"rendered":"<p>GB-Repair bietet dir Reparaturanleitungen und Ersatzteile f\u00fcr Nintendo Game Boy Systeme. Durch unsere ausf\u00fchrlichen Anleitungen kannst du deinem alten (defekten) DMG oder auch neueren Advance SP Konsolen wieder frisches Leben einhauchen.\u00a0<!--more--><\/p>\n<h3>Neue Cases f\u00fcr alte Hardware<\/h3>\n<p>Das Geh\u00e4use deines alten Game Boys ist stark besch\u00e4digt oder wei\u00dft sonstige Alterungsspuren auf? Kein Problem, denn mittlerweile gibt es g\u00fcnstige Ersatzgeh\u00e4use f\u00fcr wenig Geld im Internet zu kaufen.<\/p>\n<h3>Display-Mods f\u00fcr besseres Spielvergn\u00fcgen<\/h3>\n<p>Das Display deines originalen Game Boy ist dir zu dunkel? Mit etwas handwerklichem Geschick kannst du mit sogenannten Frontlight-Kits f\u00fcr bessere Beleuchtung sorgen, f\u00fcr den Game Boy Advance existiert sogar eine Modifikation f\u00fcr den Einbau eines hintergrundbeleuchteten Displays.<\/p>\n<h3>Neue Ersatzteile<\/h3>\n<p>Sieh dir unsere neuen Ersatzteile f\u00fcr alle Game Boy und Nintendo DS Systeme an:<\/p>\n<figure id=\"attachment_121\" aria-describedby=\"caption-attachment-121\" style=\"width: 321px\" class=\"wp-caption alignleft\"><a href=\"https:\/\/www.gb-repair.com\/de\/ersatzteil\/gbc\/game-boy-color-displayglas-bildschirmabdeckung\/\"><img loading=\"lazy\" decoding=\"async\" class=\"wp-image-121\" src=\"https:\/\/www.gb-repair.com\/de\/wp-content\/uploads\/2018\/03\/gbc-glas-490x250.jpg\" alt=\"\" width=\"321\" height=\"164\" srcset=\"https:\/\/www.gb-repair.com\/de\/wp-content\/uploads\/2018\/03\/gbc-glas-490x250.jpg 490w, https:\/\/www.gb-repair.com\/de\/wp-content\/uploads\/2018\/03\/gbc-glas-490x250@2x.jpg 980w\" sizes=\"(max-width: 321px) 100vw, 321px\" \/><\/a><figcaption id=\"caption-attachment-121\" class=\"wp-caption-text\">Game Boy Color &#8211; Displayglas<\/figcaption><\/figure>\n<figure id=\"attachment_114\" aria-describedby=\"caption-attachment-114\" style=\"width: 321px\" class=\"wp-caption alignright\"><a href=\"https:\/\/www.gb-repair.com\/de\/ersatzteil\/ndsl\/nintendo-ds-lite-ersatzgehaeuse\/\"><img loading=\"lazy\" decoding=\"async\" class=\"wp-image-114\" src=\"https:\/\/www.gb-repair.com\/de\/wp-content\/uploads\/2018\/03\/ndsl-shell-490x250.jpg\" alt=\"\" width=\"321\" height=\"164\" srcset=\"https:\/\/www.gb-repair.com\/de\/wp-content\/uploads\/2018\/03\/ndsl-shell-490x250.jpg 490w, https:\/\/www.gb-repair.com\/de\/wp-content\/uploads\/2018\/03\/ndsl-shell-490x250@2x.jpg 980w\" sizes=\"(max-width: 321px) 100vw, 321px\" \/><\/a><figcaption id=\"caption-attachment-114\" class=\"wp-caption-text\">Nintendo DS Lite &#8211; Ersatzgeh\u00e4use<\/figcaption><\/figure>\n<h3>Passendes Ersatzteil nicht gefunden?<\/h3>\n<p>Du hast kein passendes Ersatzteil f\u00fcr deinen Game Boy gefunden? Kontaktiere uns wenn du spezielle W\u00fcnsche hast und auf unserer Webseite nicht f\u00fcndig geworden bist, wir versuchen dir bestm\u00f6glich zu helfen &#8211; schreibe uns einfach per eMail an.<\/p>\n<h3>Allgemeine Informationen<\/h3>\n<p>Auf GB-Repair.com bieten wir dir auch einen Informationsbereich \u00fcber die verschiedenen Game Boy Systeme an. Damit erh\u00e4ltst du sofort einen \u00dcberblick \u00fcber bekannte Probleme der Ger\u00e4te sowie passende Reparaturanleitungen:<\/p>\n<ul>\n<li><a href=\"https:\/\/www.gb-repair.com\/de\/info\/gb-infos\/game-boy-dmg\/\">Game Boy (DMG)<\/a><\/li>\n<li><a href=\"https:\/\/www.gb-repair.com\/de\/info\/gb-infos\/game-boy-pocket-mgb\/\">Game Boy Pocket<\/a><\/li>\n<li><a href=\"https:\/\/www.gb-repair.com\/de\/info\/gb-infos\/game-boy-light-gbl\/\">Game Boy Light<\/a><\/li>\n<li><a href=\"https:\/\/www.gb-repair.com\/de\/info\/gb-infos\/game-boy-color-gbc\/\">Game Boy Color<\/a><\/li>\n<li><a href=\"https:\/\/www.gb-repair.com\/de\/info\/gb-infos\/game-boy-advance-gba\/\">Game Boy Advance<\/a><\/li>\n<li><a href=\"https:\/\/www.gb-repair.com\/de\/info\/gb-infos\/game-boy-advance-sp-gba-sp\/\">Game Boy Advance SP<\/a><\/li>\n<li><a href=\"https:\/\/www.gb-repair.com\/de\/info\/gb-infos\/game-boy-micro-gbm\/\">Game Boy Micro<\/a><\/li>\n<li><a href=\"https:\/\/www.gb-repair.com\/de\/info\/gb-infos\/nintendo-ds-nds\/\">Nintendo DS<\/a><\/li>\n<li><a href=\"https:\/\/www.gb-repair.com\/de\/info\/gb-infos\/nintendo-ds-lite-ndsl\/\">Nintendo DS Lite<\/a><\/li>\n<\/ul>\n","protected":false},"excerpt":{"rendered":"<p>GB-Repair bietet dir Reparaturanleitungen und Ersatzteile f\u00fcr Nintendo Game Boy Systeme. Durch unsere ausf\u00fchrlichen Anleitungen kannst du deinem alten (defekten) DMG oder auch neueren Advance SP Konsolen wieder frisches Leben einhauchen.\u00a0<\/p>\n","protected":false},"author":1,"featured_media":129,"parent":0,"menu_order":0,"comment_status":"closed","ping_status":"closed","template":"","meta":{"footnotes":""},"class_list":["post-16","page","type-page","status-publish","has-post-thumbnail","hentry"],"yoast_head":"<!-- This site is optimized with the Yoast SEO plugin v23.2 - https:\/\/yoast.com\/wordpress\/plugins\/seo\/ -->\n<title>GB-Repair.com &#187; Reparaturanleitungen f\u00fcr Game Boy Systeme<\/title>\n<meta name=\"robots\" content=\"index, follow, max-snippet:-1, max-image-preview:large, max-video-preview:-1\" \/>\n<link rel=\"canonical\" href=\"https:\/\/www.gb-repair.com\/de\/\" \/>\n<meta property=\"og:locale\" content=\"de_DE\" \/>\n<meta property=\"og:type\" content=\"article\" \/>\n<meta property=\"og:title\" content=\"GB-Repair.com &#187; Reparaturanleitungen f\u00fcr Game Boy Systeme\" \/>\n<meta property=\"og:description\" content=\"GB-Repair bietet dir Reparaturanleitungen und Ersatzteile f\u00fcr Nintendo Game Boy Systeme. Durch unsere ausf\u00fchrlichen Anleitungen kannst du deinem alten (defekten) DMG oder auch neueren Advance SP Konsolen wieder frisches Leben einhauchen.\u00a0\" \/>\n<meta property=\"og:url\" content=\"https:\/\/www.gb-repair.com\/de\/\" \/>\n<meta property=\"og:site_name\" content=\"GB-Repair.com\" \/>\n<meta property=\"article:publisher\" content=\"https:\/\/www.facebook.com\/gbrepair\/\" \/>\n<meta property=\"article:modified_time\" content=\"2018-03-12T10:20:08+00:00\" \/>\n<meta property=\"og:image\" content=\"https:\/\/www.gb-repair.com\/de\/wp-content\/uploads\/2018\/03\/gbrepair-feat.jpg\" \/>\n\t<meta property=\"og:image:width\" content=\"2000\" \/>\n\t<meta property=\"og:image:height\" content=\"700\" \/>\n\t<meta property=\"og:image:type\" content=\"image\/jpeg\" \/>\n<meta name=\"twitter:card\" content=\"summary_large_image\" \/>\n<meta name=\"twitter:site\" content=\"@gb_repair\" \/>\n<meta name=\"twitter:label1\" content=\"Gesch\u00e4tzte Lesezeit\" \/>\n\t<meta name=\"twitter:data1\" content=\"1\u00a0Minute\" \/>\n<script type=\"application\/ld+json\" class=\"yoast-schema-graph\">{\"@context\":\"https:\/\/schema.org\",\"@graph\":[{\"@type\":\"WebPage\",\"@id\":\"https:\/\/www.gb-repair.com\/de\/\",\"url\":\"https:\/\/www.gb-repair.com\/de\/\",\"name\":\"GB-Repair.com &#187; Reparaturanleitungen f\u00fcr Game Boy Systeme\",\"isPartOf\":{\"@id\":\"https:\/\/www.gb-repair.com\/de\/#website\"},\"primaryImageOfPage\":{\"@id\":\"https:\/\/www.gb-repair.com\/de\/#primaryimage\"},\"image\":{\"@id\":\"https:\/\/www.gb-repair.com\/de\/#primaryimage\"},\"thumbnailUrl\":\"https:\/\/www.gb-repair.com\/de\/wp-content\/uploads\/2018\/03\/gbrepair-feat.jpg\",\"datePublished\":\"2018-02-11T23:50:00+00:00\",\"dateModified\":\"2018-03-12T10:20:08+00:00\",\"breadcrumb\":{\"@id\":\"https:\/\/www.gb-repair.com\/de\/#breadcrumb\"},\"inLanguage\":\"de\",\"potentialAction\":[{\"@type\":\"ReadAction\",\"target\":[\"https:\/\/www.gb-repair.com\/de\/\"]}]},{\"@type\":\"ImageObject\",\"inLanguage\":\"de\",\"@id\":\"https:\/\/www.gb-repair.com\/de\/#primaryimage\",\"url\":\"https:\/\/www.gb-repair.com\/de\/wp-content\/uploads\/2018\/03\/gbrepair-feat.jpg\",\"contentUrl\":\"https:\/\/www.gb-repair.com\/de\/wp-content\/uploads\/2018\/03\/gbrepair-feat.jpg\",\"width\":2000,\"height\":700},{\"@type\":\"BreadcrumbList\",\"@id\":\"https:\/\/www.gb-repair.com\/de\/#breadcrumb\",\"itemListElement\":[{\"@type\":\"ListItem\",\"position\":1,\"name\":\"Startseite\",\"item\":\"https:\/\/www.gb-repair.com\/de\/\"},{\"@type\":\"ListItem\",\"position\":2,\"name\":\"Willkommen auf GB-Repair.com\"}]},{\"@type\":\"WebSite\",\"@id\":\"https:\/\/www.gb-repair.com\/de\/#website\",\"url\":\"https:\/\/www.gb-repair.com\/de\/\",\"name\":\"GB-Repair.com\",\"description\":\"Reparaturanleitungen f\u00fcr Game Boy Systeme\",\"potentialAction\":[{\"@type\":\"SearchAction\",\"target\":{\"@type\":\"EntryPoint\",\"urlTemplate\":\"https:\/\/www.gb-repair.com\/de\/?s={search_term_string}\"},\"query-input\":\"required name=search_term_string\"}],\"inLanguage\":\"de\"}]}<\/script>\n<!-- \/ Yoast SEO plugin. -->","yoast_head_json":{"title":"GB-Repair.com &#187; Reparaturanleitungen f\u00fcr Game Boy Systeme","robots":{"index":"index","follow":"follow","max-snippet":"max-snippet:-1","max-image-preview":"max-image-preview:large","max-video-preview":"max-video-preview:-1"},"canonical":"https:\/\/www.gb-repair.com\/de\/","og_locale":"de_DE","og_type":"article","og_title":"GB-Repair.com &#187; Reparaturanleitungen f\u00fcr Game Boy Systeme","og_description":"GB-Repair bietet dir Reparaturanleitungen und Ersatzteile f\u00fcr Nintendo Game Boy Systeme. Durch unsere ausf\u00fchrlichen Anleitungen kannst du deinem alten (defekten) DMG oder auch neueren Advance SP Konsolen wieder frisches Leben einhauchen.\u00a0","og_url":"https:\/\/www.gb-repair.com\/de\/","og_site_name":"GB-Repair.com","article_publisher":"https:\/\/www.facebook.com\/gbrepair\/","article_modified_time":"2018-03-12T10:20:08+00:00","og_image":[{"width":2000,"height":700,"url":"https:\/\/www.gb-repair.com\/de\/wp-content\/uploads\/2018\/03\/gbrepair-feat.jpg","type":"image\/jpeg"}],"twitter_card":"summary_large_image","twitter_site":"@gb_repair","twitter_misc":{"Gesch\u00e4tzte Lesezeit":"1\u00a0Minute"},"schema":{"@context":"https:\/\/schema.org","@graph":[{"@type":"WebPage","@id":"https:\/\/www.gb-repair.com\/de\/","url":"https:\/\/www.gb-repair.com\/de\/","name":"GB-Repair.com &#187; Reparaturanleitungen f\u00fcr Game Boy Systeme","isPartOf":{"@id":"https:\/\/www.gb-repair.com\/de\/#website"},"primaryImageOfPage":{"@id":"https:\/\/www.gb-repair.com\/de\/#primaryimage"},"image":{"@id":"https:\/\/www.gb-repair.com\/de\/#primaryimage"},"thumbnailUrl":"https:\/\/www.gb-repair.com\/de\/wp-content\/uploads\/2018\/03\/gbrepair-feat.jpg","datePublished":"2018-02-11T23:50:00+00:00","dateModified":"2018-03-12T10:20:08+00:00","breadcrumb":{"@id":"https:\/\/www.gb-repair.com\/de\/#breadcrumb"},"inLanguage":"de","potentialAction":[{"@type":"ReadAction","target":["https:\/\/www.gb-repair.com\/de\/"]}]},{"@type":"ImageObject","inLanguage":"de","@id":"https:\/\/www.gb-repair.com\/de\/#primaryimage","url":"https:\/\/www.gb-repair.com\/de\/wp-content\/uploads\/2018\/03\/gbrepair-feat.jpg","contentUrl":"https:\/\/www.gb-repair.com\/de\/wp-content\/uploads\/2018\/03\/gbrepair-feat.jpg","width":2000,"height":700},{"@type":"BreadcrumbList","@id":"https:\/\/www.gb-repair.com\/de\/#breadcrumb","itemListElement":[{"@type":"ListItem","position":1,"name":"Startseite","item":"https:\/\/www.gb-repair.com\/de\/"},{"@type":"ListItem","position":2,"name":"Willkommen auf GB-Repair.com"}]},{"@type":"WebSite","@id":"https:\/\/www.gb-repair.com\/de\/#website","url":"https:\/\/www.gb-repair.com\/de\/","name":"GB-Repair.com","description":"Reparaturanleitungen f\u00fcr Game Boy Systeme","potentialAction":[{"@type":"SearchAction","target":{"@type":"EntryPoint","urlTemplate":"https:\/\/www.gb-repair.com\/de\/?s={search_term_string}"},"query-input":"required name=search_term_string"}],"inLanguage":"de"}]}},"_links":{"self":[{"href":"https:\/\/www.gb-repair.com\/de\/wp-json\/wp\/v2\/pages\/16"}],"collection":[{"href":"https:\/\/www.gb-repair.com\/de\/wp-json\/wp\/v2\/pages"}],"about":[{"href":"https:\/\/www.gb-repair.com\/de\/wp-json\/wp\/v2\/types\/page"}],"author":[{"embeddable":true,"href":"https:\/\/www.gb-repair.com\/de\/wp-json\/wp\/v2\/users\/1"}],"replies":[{"embeddable":true,"href":"https:\/\/www.gb-repair.com\/de\/wp-json\/wp\/v2\/comments?post=16"}],"version-history":[{"count":12,"href":"https:\/\/www.gb-repair.com\/de\/wp-json\/wp\/v2\/pages\/16\/revisions"}],"predecessor-version":[{"id":134,"href":"https:\/\/www.gb-repair.com\/de\/wp-json\/wp\/v2\/pages\/16\/revisions\/134"}],"wp:featuredmedia":[{"embeddable":true,"href":"https:\/\/www.gb-repair.com\/de\/wp-json\/wp\/v2\/media\/129"}],"wp:attachment":[{"href":"https:\/\/www.gb-repair.com\/de\/wp-json\/wp\/v2\/media?parent=16"}],"curies":[{"name":"wp","href":"https:\/\/api.w.org\/{rel}","templated":true}]}}